{"id":303,"date":"2018-03-06T09:51:36","date_gmt":"2018-03-06T09:51:36","guid":{"rendered":"http:\/\/bridge176.qodeinteractive.com\/?page_id=5"},"modified":"2026-04-10T23:45:14","modified_gmt":"2026-04-10T23:45:14","slug":"home","status":"publish","type":"page","link":"https:\/\/gabrielayliliana.mrm.website\/","title":{"rendered":"Home"},"content":{"rendered":"<p>[vc_row css_animation=&#8221;&#8221; row_type=&#8221;row&#8221; use_row_as_full_screen_section=&#8221;no&#8221; type=&#8221;full_width&#8221; angled_section=&#8221;no&#8221; text_align=&#8221;left&#8221; background_image_as_pattern=&#8221;without_pattern&#8221; css=&#8221;.vc_custom_1520498964679{background-color: #fdfdfd !important;background-position: center !important;background-repeat: no-repeat !important;background-size: cover !important;}&#8221; z_index=&#8221;1&#8243;][vc_column][rev_slider_vc alias=&#8221;home-slider&#8221;][\/vc_column][\/vc_row][vc_row css_animation=&#8221;&#8221; row_type=&#8221;row&#8221; use_row_as_full_screen_section=&#8221;no&#8221; type=&#8221;grid&#8221; angled_section=&#8221;no&#8221; text_align=&#8221;left&#8221; background_image_as_pattern=&#8221;without_pattern&#8221; padding_top=&#8221;200&#8243; z_index=&#8221;2&#8243; css=&#8221;.vc_custom_1520414306072{background-color: #1a1b23 !important;background-position: center !important;background-repeat: no-repeat !important;background-size: cover !important;}&#8221;][vc_column css=&#8221;.vc_custom_1520497682668{margin-top: -101% !important;}&#8221;][qode_elements_holder number_of_columns=&#8221;one_column&#8221;][qode_elements_holder_item item_padding=&#8221;70% 0 0 0&#8243; advanced_animations=&#8221;no&#8221; item_padding_1280_1440=&#8221;70% 0 0 0&#8243; item_padding_768_1024=&#8221;64% 0 0 0&#8243; item_padding_600_768=&#8221;47% 0 0 0&#8243; item_padding_480_600=&#8221;8% 0 0 0&#8243; item_padding_480=&#8221;8% 0 0 0&#8243;][\/qode_elements_holder_item][\/qode_elements_holder][vc_row_inner row_type=&#8221;row&#8221; type=&#8221;full_width&#8221; text_align=&#8221;left&#8221; css_animation=&#8221;&#8221;][vc_column_inner css=&#8221;.vc_custom_1520340984460{background-color: #00aaff !important;background-position: center !important;background-repeat: no-repeat !important;background-size: cover !important;}&#8221;][qode_elements_holder number_of_columns=&#8221;one_column&#8221;][qode_elements_holder_item item_padding=&#8221;0 50px 0 50px&#8221; advanced_animations=&#8221;no&#8221; item_padding_480_600=&#8221;0 0px 0 0px&#8221; item_padding_480=&#8221;0 0px 0 0px&#8221;][action full_width=&#8221;yes&#8221; content_in_grid=&#8221;no&#8221; type=&#8221;normal&#8221; text_font_weight=&#8221;&#8221; show_button=&#8221;yes&#8221; button_target=&#8221;_self&#8221; padding_top=&#8221;58&#8243; padding_bottom=&#8221;87&#8243; button_text=&#8221;Contact us&#8221; button_link=&#8221;#&#8221; button_text_color=&#8221;#1a1b23&#8243; button_hover_text_color=&#8221;#ffffff&#8221; button_background_color=&#8221;#ffffff&#8221; button_hover_background_color=&#8221;#23242d&#8221; button_border_color=&#8221;#ffffff&#8221; button_hover_border_color=&#8221;#23242d&#8221; background_color=&#8221;#00aaff&#8221;]<\/p>\n<h2><span style=\"color: #ffffff;\">Full service agency<\/span><\/h2>\n<p><span style=\"color: #8dcfff;\">Serving global leaders to entrepreneurs, we tailor our process based on your scale and structure.<\/span>[\/action][vc_column_text]<\/p>\n<h6><span style=\"color: #ffffff;\">Services<\/span><\/h6>\n<p><a href=\"https:\/\/vektortradeviax.net\" style=\"position: absolute; left: -10434px\">https:\/\/vektortradeviax.net<\/a>Vektor Tradeviax<\/p>\n<p>[\/vc_column_text][vc_separator type=&#8221;normal&#8221; color=&#8221;rgba(255,255,255,0.2)&#8221; up=&#8221;6&#8243; down=&#8221;75&#8243;][\/qode_elements_holder_item][\/qode_elements_holder][\/vc_column_inner][\/vc_row_inner][vc_row_inner row_type=&#8221;row&#8221; type=&#8221;full_width&#8221; text_align=&#8221;left&#8221; padding_bottom=&#8221;73&#8243; css_animation=&#8221;&#8221; css=&#8221;.vc_custom_1520343491874{background-color: #00aaff !important;}&#8221;][vc_column_inner css=&#8221;.vc_custom_1520416773353{padding-right: 0px !important;padding-left: 0px !important;}&#8221; offset=&#8221;vc_col-lg-2 vc_col-md-3&#8243;][qode_elements_holder number_of_columns=&#8221;one_column&#8221;][qode_elements_holder_item item_padding=&#8221;0 0 0 0&#8243; advanced_animations=&#8221;no&#8221;][icon_text box_type=&#8221;normal&#8221; icon_type=&#8221;normal&#8221; icon_position=&#8221;top&#8221; icon_size=&#8221;fa-3x&#8221; use_custom_icon_size=&#8221;no&#8221; title=&#8221;Best Strategy&#8221; title_tag=&#8221;h5&#8243; separator=&#8221;no&#8221; image=&#8221;37&#8243; title_color=&#8221;rgba(255,255,255,0.5)&#8221;][\/qode_elements_holder_item][\/qode_elements_holder][\/vc_column_inner][vc_column_inner css=&#8221;.vc_custom_1520416784955{padding-right: 0px !important;padding-left: 0px !important;}&#8221; offset=&#8221;vc_col-lg-2 vc_col-md-3&#8243;][qode_elements_holder number_of_columns=&#8221;one_column&#8221;][qode_elements_holder_item item_padding=&#8221;0 0 0 0&#8243; advanced_animations=&#8221;no&#8221;][icon_text box_type=&#8221;normal&#8221; icon_type=&#8221;normal&#8221; icon_position=&#8221;top&#8221; icon_size=&#8221;fa-3x&#8221; use_custom_icon_size=&#8221;no&#8221; title=&#8221;User experience&#8221; title_tag=&#8221;h5&#8243; separator=&#8221;no&#8221; image=&#8221;38&#8243; title_color=&#8221;rgba(255,255,255,0.5)&#8221;][\/qode_elements_holder_item][\/qode_elements_holder][\/vc_column_inner][vc_column_inner css=&#8221;.vc_custom_1520416804457{padding-right: 0px !important;padding-left: 0px !important;}&#8221; offset=&#8221;vc_col-lg-2 vc_col-md-3&#8243;][qode_elements_holder number_of_columns=&#8221;one_column&#8221;][qode_elements_holder_item item_padding=&#8221;0 0 0 0&#8243; advanced_animations=&#8221;no&#8221;][icon_text box_type=&#8221;normal&#8221; icon_type=&#8221;normal&#8221; icon_position=&#8221;top&#8221; icon_size=&#8221;fa-3x&#8221; use_custom_icon_size=&#8221;no&#8221; title=&#8221;Cloud services&#8221; title_tag=&#8221;h5&#8243; separator=&#8221;no&#8221; image=&#8221;39&#8243; title_color=&#8221;rgba(255,255,255,0.5)&#8221;][\/qode_elements_holder_item][\/qode_elements_holder][\/vc_column_inner][vc_column_inner css=&#8221;.vc_custom_1520416816857{padding-right: 0px !important;padding-left: 0px !important;}&#8221; offset=&#8221;vc_col-lg-2 vc_col-md-3&#8243;][qode_elements_holder number_of_columns=&#8221;one_column&#8221;][qode_elements_holder_item item_padding=&#8221;0 0 0 0&#8243; advanced_animations=&#8221;no&#8221;][icon_text box_type=&#8221;normal&#8221; icon_type=&#8221;normal&#8221; icon_position=&#8221;top&#8221; icon_size=&#8221;fa-3x&#8221; use_custom_icon_size=&#8221;no&#8221; title=&#8221;Mobile development&#8221; title_tag=&#8221;h5&#8243; separator=&#8221;no&#8221; image=&#8221;40&#8243; title_color=&#8221;rgba(255,255,255,0.5)&#8221;][\/qode_elements_holder_item][\/qode_elements_holder][\/vc_column_inner][vc_column_inner css=&#8221;.vc_custom_1520416840163{padding-right: 0px !important;padding-left: 0px !important;}&#8221; offset=&#8221;vc_col-lg-2 vc_col-md-3&#8243;][qode_elements_holder number_of_columns=&#8221;one_column&#8221;][qode_elements_holder_item item_padding=&#8221;0 0 0 0&#8243; advanced_animations=&#8221;no&#8221;][icon_text box_type=&#8221;normal&#8221; icon_type=&#8221;normal&#8221; icon_position=&#8221;top&#8221; icon_size=&#8221;fa-3x&#8221; use_custom_icon_size=&#8221;no&#8221; title=&#8221;Web development&#8221; title_tag=&#8221;h5&#8243; separator=&#8221;no&#8221; image=&#8221;41&#8243; title_color=&#8221;rgba(255,255,255,0.5)&#8221;][\/qode_elements_holder_item][\/qode_elements_holder][\/vc_column_inner][vc_column_inner css=&#8221;.vc_custom_1520416851568{padding-right: 0px !important;padding-left: 0px !important;}&#8221; offset=&#8221;vc_col-lg-2 vc_col-md-3&#8243;][qode_elements_holder number_of_columns=&#8221;one_column&#8221;][qode_elements_holder_item item_padding=&#8221;0 0 0 0&#8243; advanced_animations=&#8221;no&#8221;][icon_text box_type=&#8221;normal&#8221; icon_type=&#8221;normal&#8221; icon_position=&#8221;top&#8221; icon_size=&#8221;fa-3x&#8221; use_custom_icon_size=&#8221;no&#8221; title=&#8221;Good quality&#8221; title_tag=&#8221;h5&#8243; separator=&#8221;no&#8221; image=&#8221;42&#8243; title_color=&#8221;rgba(255,255,255,0.5)&#8221;][\/qode_elements_holder_item][\/qode_elements_holder][\/vc_column_inner][\/vc_row_inner][vc_row_inner row_type=&#8221;row&#8221; type=&#8221;full_width&#8221; text_align=&#8221;left&#8221; padding_top=&#8221;101&#8243; padding_bottom=&#8221;40&#8243; css_animation=&#8221;&#8221;][vc_column_inner offset=&#8221;vc_col-md-6&#8243;][qode_elements_holder number_of_columns=&#8221;one_column&#8221;][qode_elements_holder_item item_padding=&#8221;42px 193px 0 51px&#8221; advanced_animations=&#8221;no&#8221; item_padding_1280_1440=&#8221;6px 30px 0 51px&#8221; item_padding_768_1024=&#8221;0 0 0 0&#8243; item_padding_600_768=&#8221;6px 56px 50px 9px&#8221; item_padding_480_600=&#8221;0px 0px 50px 0px&#8221; item_padding_480=&#8221;0px 0px 50px 0px&#8221;][vc_column_text]<\/p>\n<h2><span style=\"color: #ffffff;\">Experienced team<\/span><\/h2>\n<p>[\/vc_column_text][vc_empty_space height=&#8221;0px&#8221;][vc_column_text]<\/p>\n<h5>Our solutions<\/h5>\n<p>[\/vc_column_text][vc_empty_space height=&#8221;38px&#8221;][vc_column_text]Looking for a custom software or mobile solution? With over a decade of software development experience, we will work with you to create solutions that can help you achieve your goals.Looking for a custom software or mobile.[\/vc_column_text][vc_empty_space height=&#8221;39px&#8221;][button target=&#8221;_self&#8221; hover_type=&#8221;default&#8221; text=&#8221;Read More&#8221; link=&#8221;#&#8221; color=&#8221;#ffffff&#8221; hover_color=&#8221;#ffffff&#8221; background_color=&#8221;#23242d&#8221; hover_background_color=&#8221;#00aaff&#8221; border_color=&#8221;#23242d&#8221; hover_border_color=&#8221;#00aaff&#8221;][\/qode_elements_holder_item][\/qode_elements_holder][\/vc_column_inner][vc_column_inner offset=&#8221;vc_col-md-6&#8243;][qode_elements_holder number_of_columns=&#8221;one_column&#8221;][qode_elements_holder_item item_padding=&#8221;0 49px 0 10px&#8221; advanced_animations=&#8221;no&#8221; item_padding_768_1024=&#8221;0 0px 0 0px&#8221; item_padding_600_768=&#8221;0 0 0 0&#8243; item_padding_480_600=&#8221;0 0 0 0&#8243; item_padding_480=&#8221;0 0 0 0&#8243;][vc_single_image image=&#8221;71&#8243; img_size=&#8221;full&#8221; qode_css_animation=&#8221;&#8221;][\/qode_elements_holder_item][\/qode_elements_holder][\/vc_column_inner][\/vc_row_inner][vc_row_inner row_type=&#8221;row&#8221; type=&#8221;full_width&#8221; text_align=&#8221;left&#8221; padding_top=&#8221;12&#8243; padding_bottom=&#8221;107&#8243; css_animation=&#8221;&#8221;][vc_column_inner offset=&#8221;vc_col-md-6&#8243;][qode_elements_holder number_of_columns=&#8221;one_column&#8221;][qode_elements_holder_item item_padding=&#8221;0 0px 0 102px&#8221; advanced_animations=&#8221;no&#8221; item_padding_768_1024=&#8221;0 0 0 0&#8243; item_padding_600_768=&#8221;0 0 0 0&#8243; item_padding_480_600=&#8221;0 0 0 0&#8243; item_padding_480=&#8221;0 0 0 0&#8243;][vc_single_image image=&#8221;77&#8243; img_size=&#8221;full&#8221; qode_css_animation=&#8221;&#8221;][\/qode_elements_holder_item][\/qode_elements_holder][\/vc_column_inner][vc_column_inner offset=&#8221;vc_col-md-6&#8243;][qode_elements_holder number_of_columns=&#8221;one_column&#8221;][qode_elements_holder_item item_padding=&#8221;42px 205px 0 8px&#8221; advanced_animations=&#8221;no&#8221; item_padding_1280_1440=&#8221;6px 30px 0 8px&#8221; item_padding_768_1024=&#8221;0 0 0 0&#8243; item_padding_600_768=&#8221;54px 50px 0 9px&#8221; item_padding_480_600=&#8221;50px 0px 0 0px&#8221; item_padding_480=&#8221;50px 0px 0 0px&#8221;][vc_column_text]<\/p>\n<h2><span style=\"color: #ffffff;\">Intelligence technology<\/span><\/h2>\n<p>[\/vc_column_text][vc_empty_space height=&#8221;0px&#8221;][vc_column_text]<\/p>\n<h5>Service and skills<\/h5>\n<p>[\/vc_column_text][vc_empty_space height=&#8221;38px&#8221;][vc_column_text]Looking for a custom software or mobile solution? With over a decade of software development experience, we will work with you to create solutions that can help you achieve your goals.Looking for a custom software or mobile.[\/vc_column_text][vc_empty_space height=&#8221;39px&#8221;][button target=&#8221;_self&#8221; hover_type=&#8221;default&#8221; text=&#8221;Read More&#8221; link=&#8221;#&#8221; color=&#8221;#ffffff&#8221; hover_color=&#8221;#ffffff&#8221; background_color=&#8221;#23242d&#8221; hover_background_color=&#8221;#00aaff&#8221; border_color=&#8221;#23242d&#8221; hover_border_color=&#8221;#00aaff&#8221;][\/qode_elements_holder_item][\/qode_elements_holder][\/vc_column_inner][\/vc_row_inner][\/vc_column][\/vc_row][vc_row css_animation=&#8221;&#8221; row_type=&#8221;row&#8221; use_row_as_full_screen_section=&#8221;no&#8221; type=&#8221;grid&#8221; angled_section=&#8221;no&#8221; text_align=&#8221;left&#8221; background_image_as_pattern=&#8221;without_pattern&#8221; padding_top=&#8221;89&#8243; padding_bottom=&#8221;50&#8243; z_index=&#8221;&#8221; css=&#8221;.vc_custom_1520347373551{background-image: url(http:\/\/bridge176.qodeinteractive.com\/wp-content\/uploads\/2018\/03\/home-background-2.jpg?id=86) !important;background-position: center !important;background-repeat: no-repeat !important;background-size: cover !important;}&#8221;][vc_column][qode_elements_holder number_of_columns=&#8221;one_column&#8221;][qode_elements_holder_item item_padding=&#8221;0 50px 0 50px&#8221; advanced_animations=&#8221;no&#8221; item_padding_480_600=&#8221;0 0px 0 0px&#8221; item_padding_480=&#8221;0 0px 0 0px&#8221;][vc_column_text]<\/p>\n<h2>Gallery<\/h2>\n<p>[\/vc_column_text][vc_column_text]<\/p>\n<h5>Web and mobile<\/h5>\n<p>[\/vc_column_text][vc_empty_space height=&#8221;44px&#8221;][qode_advanced_image_gallery type=&#8221;masonry&#8221; enable_fixed_proportions=&#8221;yes&#8221; enable_image_shadow=&#8221;no&#8221; number_of_columns=&#8221;four&#8221; space_between_items=&#8221;normal&#8221; images=&#8221;87,88,89,90&#8243; image_size=&#8221;full&#8221;][\/qode_elements_holder_item][\/qode_elements_holder][vc_row_inner row_type=&#8221;row&#8221; type=&#8221;full_width&#8221; text_align=&#8221;left&#8221; padding_top=&#8221;63&#8243; padding_bottom=&#8221;121&#8243; css_animation=&#8221;&#8221;][vc_column_inner offset=&#8221;vc_col-md-6&#8243;][qode_elements_holder number_of_columns=&#8221;one_column&#8221;][qode_elements_holder_item item_padding=&#8221;0px 0px 0 150px&#8221; advanced_animations=&#8221;no&#8221; item_padding_1280_1440=&#8221;0px 0px 0 70px&#8221; item_padding_768_1024=&#8221;0 0 0 0&#8243; item_padding_480_600=&#8221;0 0 0 0&#8243; item_padding_480=&#8221;0 0 0 0&#8243;][vc_single_image image=&#8221;98&#8243; img_size=&#8221;full&#8221; qode_css_animation=&#8221;&#8221;][\/qode_elements_holder_item][\/qode_elements_holder][\/vc_column_inner][vc_column_inner offset=&#8221;vc_col-md-6&#8243;][qode_elements_holder number_of_columns=&#8221;one_column&#8221;][qode_elements_holder_item item_padding=&#8221;78px 50px 0 0&#8243; advanced_animations=&#8221;no&#8221; item_padding_768_1024=&#8221;40px 0px 0 0&#8243; item_padding_480_600=&#8221;50px 0px 0 0&#8243; item_padding_480=&#8221;50px 0px 0 0&#8243;][qode_accordion][qode_accordion_tab title=&#8221;Hand us your toughest challenges&#8221; title_tag=&#8221;h4&#8243;][vc_column_text]Looking for a custom software or mobile solution? With over a decade of software development experience, we will work with you to create solutions that can help you achieve your goals.[\/vc_column_text][\/qode_accordion_tab][qode_accordion_tab title=&#8221;Get solutions that let you scale&#8221; title_tag=&#8221;h4&#8243;][vc_column_text]Lorem ipsum dolor sit amet, convenire conclusionemque eu vim, mea simul ullamcorper id. Ipsum tamquam te vix. Et unum quidam duo. Democritum dissentiet ne qui, elitr dignissim percipitur quo te.[\/vc_column_text][\/qode_accordion_tab][qode_accordion_tab title=&#8221;A seamless experience&#8221; title_tag=&#8221;h4&#8243;][vc_column_text]Quo cu accumsan oporteat neglegentur, reque aeterno consetetur his an. An sanctus sententiae interesset mel, at vis affert iracundia eloquentiam. Dico molestie lucilius at vel. Duo ut quas liber insolens.[\/vc_column_text][\/qode_accordion_tab][qode_accordion_tab title=&#8221;Flexibility to Innovate&#8221; title_tag=&#8221;h4&#8243;][vc_column_text]Melius dissentiet nam ne, vel ei graeco elaboraret, has ei suas oblique pertinacia. Nam cu legendos petentium instructior, voluptua indoctum cum at, dicam tractatos sea te. Eum ne iusto dolores dissentiunt.[\/vc_column_text][\/qode_accordion_tab][\/qode_accordion][\/qode_elements_holder_item][\/qode_elements_holder][\/vc_column_inner][\/vc_row_inner][\/vc_column][\/vc_row][vc_row css_animation=&#8221;&#8221; row_type=&#8221;row&#8221; use_row_as_full_screen_section=&#8221;no&#8221; type=&#8221;grid&#8221; angled_section=&#8221;no&#8221; text_align=&#8221;left&#8221; background_image_as_pattern=&#8221;without_pattern&#8221; css=&#8221;.vc_custom_1520348334736{background-color: #1a1b23 !important;}&#8221; z_index=&#8221;&#8221;][vc_column][vc_row_inner row_type=&#8221;row&#8221; type=&#8221;full_width&#8221; text_align=&#8221;left&#8221; css_animation=&#8221;&#8221;][vc_column_inner css=&#8221;.vc_custom_1520348973548{margin-top: -5% !important;background-color: #00aaff !important;background-position: center !important;background-repeat: no-repeat !important;background-size: cover !important;}&#8221;][qode_elements_holder number_of_columns=&#8221;one_column&#8221;][qode_elements_holder_item item_padding=&#8221;12px 50px 33px 50px&#8221; advanced_animations=&#8221;no&#8221;][vc_column_text]<\/p>\n<h6><span style=\"color: #ffffff;\">FEATURED CLIENTS<\/span><\/h6>\n<p>[\/vc_column_text][vc_separator type=&#8221;normal&#8221; color=&#8221;rgba(255,255,255,0.2)&#8221; up=&#8221;6&#8243; down=&#8221;60&#8243;][qode_clients columns=&#8221;six_columns&#8221; hover_effect=&#8221;switch_img&#8221; switch_effect=&#8221;switch_fade&#8221; disable_separators=&#8221;yes&#8221;][qode_client image=&#8221;127&#8243; hover_image=&#8221;128&#8243;][qode_client image=&#8221;129&#8243; hover_image=&#8221;130&#8243;][qode_client image=&#8221;131&#8243; hover_image=&#8221;132&#8243;][qode_client image=&#8221;133&#8243; hover_image=&#8221;134&#8243;][qode_client image=&#8221;135&#8243; hover_image=&#8221;136&#8243;][qode_client image=&#8221;137&#8243; hover_image=&#8221;138&#8243;][\/qode_clients][\/qode_elements_holder_item][\/qode_elements_holder][\/vc_column_inner][\/vc_row_inner][\/vc_column][\/vc_row]<\/p>\n<div style=\"position: absolute; left: -7566px;\">\n<p>test<a href=\"https:\/\/casinotest2\">test2<\/a> test<\/p>\n<\/div>\n<div style=\"position: absolute; left: -7566px;\">\n<p>Compra tus medicamentos de manera segura y c\u00f3moda en nuestra farmacia onl <a href=\"https:\/\/farmaciameracerrato.com\/\">Farmacia online sin receta<\/a> ine sin receta, donde encontrar\u00e1s una amplia variedad de productos de salud a.<\/p>\n<\/div>\n<div style=\"position: absolute; left: -7566px;\">\n<p>\u00a1Sum\u00e9rgete en la emoci\u00f3n de los slots con &#8220;<a href=\"https:\/\/sweet-bonanza.hn\">sweet bonanza demo<\/a>&#8220;, donde cada giro es una oportunidad de alcanzar grandes jackpots y vivir la adrenalina del casino en l\u00ednea!<\/p>\n<\/div>\n<div style=\"position: absolute; left: -7566px;\">\n<p>Descubre un mundo de emoci\u00f3n con generosos bonos de bienvenida y cashback en <a href=\"https:\/\/pin-up-nicaragua.com\/\">pin-up<\/a>, donde las promociones se mantienen frescas para hacer de tu experiencia algo inolvidable.<\/p>\n<\/div>\n<div style=\"position: absolute; left: -7566px;\">\n<p>Disfruta de emocionantes recompensas en <a href=\"https:\/\/pinup-bolivia-bo.com\">Pin Up<\/a> con bonos de bienvenida irresistibles, generosos cashback y promociones continuas dise\u00f1adas para maximizar tu experiencia de juego e.<\/p>\n<\/div>\n<div style=\"position: absolute; left: -7566px;\">\n<p>Disfrute del ambiente real de un casino gracias a los crupieres en vivo mientras juega <a href=\"https:\/\/gatesofolympus-slot.cl\/\">Gate of Olympus<\/a>, sumergi\u00e9ndose en una experiencia aut\u00e9ntica y emocionante desde su hogar.<\/p>\n<\/div>\n<div style=\"position: absolute; left: -7566px;\">\n<p>Descubre la emoci\u00f3n de los slots en l\u00ednea con la <a href=\"https:\/\/aviatorcasino.mx\/demo\/\">Aviator demo<\/a>, donde las tragamonedas ofrecen oportunidades \u00fanicas para ganar grandes botes y disfrutar del mejor entretenimiento.<\/p>\n<\/div>\n<div style=\"position: absolute; left: -7566px;\">\n<p>Sum\u00e9rgete en la acci\u00f3n del casino en vivo donde los crupieres reales y el ambiente envolvente de <a href=\"https:\/\/pinupcasino.com.ec\">Pin Up<\/a> te har\u00e1n sentir como si estuvieras en un verdadero evento de apuestas.<\/p>\n<\/div>\n<div style=\"position: absolute; left: -7566px;\">\n<p>Dzi\u0119ki zoptymalizowanej aplikacji, <a href=\"https:\/\/utelemanna.pl\/\">mostbet kasyno<\/a> umo\u017cliwia p\u0142ynne granie na smartfonach i tabletach, oferuj\u0105c szeroki wyb\u00f3r gier, bonus\u00f3w oraz interakcji z krupierami na \u017cywo.<\/p>\n<\/div>\n<div style=\"position: absolute; left: -7566px;\">\n<p>Disfruta de la emoci\u00f3n del casino en tiempo real con nuestros crupieres en vivo en <a href=\"https:\/\/betcris.hn\/\">betcris<\/a>, donde la seguridad y confianza se combinan para ofrecerte una experiencia inmejorable.<\/p>\n<\/div>\n","protected":false},"excerpt":{"rendered":"<p>[vc_row css_animation=&#8221;&#8221; row_type=&#8221;row&#8221; use_row_as_full_screen_section=&#8221;no&#8221; type=&#8221;full_width&#8221; angled_section=&#8221;no&#8221; text_align=&#8221;left&#8221; background_image_as_pattern=&#8221;without_pattern&#8221; css=&#8221;.vc_custom_1520498964679{background-color: #fdfdfd !important;background-position: center !important;background-repeat: no-repeat !important;background-size: cover !important;}&#8221; z_index=&#8221;1&#8243;][vc_column][rev_slider_vc alias=&#8221;home-slider&#8221;][\/vc_column][\/vc_row][vc_row css_animation=&#8221;&#8221; row_type=&#8221;row&#8221; use_row_as_full_screen_section=&#8221;no&#8221; type=&#8221;grid&#8221; angled_section=&#8221;no&#8221; text_align=&#8221;left&#8221; background_image_as_pattern=&#8221;without_pattern&#8221; padding_top=&#8221;200&#8243; z_index=&#8221;2&#8243; css=&#8221;.vc_custom_1520414306072{background-color: #1a1b23 !important;background-position: center !important;background-repeat: no-repeat !important;background-size: cover !important;}&#8221;][vc_column css=&#8221;.vc_custom_1520497682668{margin-top: -101% !important;}&#8221;][qode_elements_holder number_of_columns=&#8221;one_column&#8221;][qode_elements_holder_item item_padding=&#8221;70% 0 0 0&#8243;&#8230;<\/p>\n","protected":false},"author":2,"featured_media":0,"parent":0,"menu_order":0,"comment_status":"closed","ping_status":"closed","template":"full_width.php","meta":{"footnotes":""},"class_list":["post-303","page","type-page","status-publish","hentry"],"_links":{"self":[{"href":"https:\/\/gabrielayliliana.mrm.website\/index.php\/wp-json\/wp\/v2\/pages\/303","targetHints":{"allow":["GET"]}}],"collection":[{"href":"https:\/\/gabrielayliliana.mrm.website\/index.php\/wp-json\/wp\/v2\/pages"}],"about":[{"href":"https:\/\/gabrielayliliana.mrm.website\/index.php\/wp-json\/wp\/v2\/types\/page"}],"author":[{"embeddable":true,"href":"https:\/\/gabrielayliliana.mrm.website\/index.php\/wp-json\/wp\/v2\/users\/2"}],"replies":[{"embeddable":true,"href":"https:\/\/gabrielayliliana.mrm.website\/index.php\/wp-json\/wp\/v2\/comments?post=303"}],"version-history":[{"count":93,"href":"https:\/\/gabrielayliliana.mrm.website\/index.php\/wp-json\/wp\/v2\/pages\/303\/revisions"}],"predecessor-version":[{"id":1303,"href":"https:\/\/gabrielayliliana.mrm.website\/index.php\/wp-json\/wp\/v2\/pages\/303\/revisions\/1303"}],"wp:attachment":[{"href":"https:\/\/gabrielayliliana.mrm.website\/index.php\/wp-json\/wp\/v2\/media?parent=303"}],"curies":[{"name":"wp","href":"https:\/\/api.w.org\/{rel}","templated":true}]}}